{"id":8,"date":"2016-03-21T19:03:54","date_gmt":"2016-03-21T19:03:54","guid":{"rendered":"http:\/\/andoadecambre.com\/?page_id=8"},"modified":"2022-01-28T15:41:34","modified_gmt":"2022-01-28T14:41:34","slug":"quienes-somos","status":"publish","type":"page","link":"https:\/\/andoa.org\/?page_id=8","title":{"rendered":"QUIENES SOMOS"},"content":{"rendered":"<p class=\"consangria\">La asociaci\u00f3n micol\u00f3gica Andoa cuenta hasta la fecha con 150 socios. Fue fundada el 29 de noviembre de 1996, como consecuencia de la inquietud por las setas mostrada por los participantes de la semana micol\u00f3gica organizada por el ayuntamiento de Cambre.<\/p>\n<p class=\"consangria\">Los objetivos de la asociaci\u00f3n son, entre otros, difundir la cultura de los hongos. Aunque la proximidad f\u00edsica con ellos es evidente, debido al h\u00e1bitat arb\u00f3reo y al clima templado y h\u00famedo, la simpat\u00eda hacia estos seres, ni animales ni vegetales, no se muestra de igual manera. En este sentido, pretendemos concienciar al p\u00fablico de la importancia de los hongos para la biodiversidad, e instar su preservaci\u00f3n en el medio natural.<\/p>\n<p class=\"consangria\">Con el tiempo, el abanico de actividades se ha abierto tambi\u00e9n hacia otros aspectos con los que Andoa pretende quitar el miedo y las apat\u00edas hacia este apasionante reino de los \u00abfungii\u00bb. Queremos divulgar entre la poblaci\u00f3n las caracter\u00edsticas de las setas, incluyendo una vertiente cient\u00edfica y sin olvidar, como no, la culinaria.<\/p>\n<p class=\"consangria\">La micolog\u00eda es otro modo de conocer el h\u00e1bitat de Galicia, ya que en las salidas a los montes y bosques gallegos, no s\u00f3lo encontramos setas, sino que aprendemos a distinguir los \u00e1rboles y arbustos que acompa\u00f1an a cada una de ellas. Es una forma de turismo rural pero, adem\u00e1s de contemplar la belleza de los parajes naturales m\u00e1s pr\u00f3ximos, aprenderemos de que est\u00e1n constituidos. En los \u00faltimos a\u00f1os el abanico de actividades se est\u00e1 abriendo tambi\u00e9n, hacia otros campos de la educaci\u00f3n medioambiental, y pensamos seguir haci\u00e9ndolo en esta direcci\u00f3n. Esperamos que, con todo lo aprendido, ni\u00f1os, j\u00f3venes y gente madura podamos respetar y gozar de la naturaleza en general y de la micolog\u00eda en particular.<\/p>\n<p><img loading=\"lazy\" decoding=\"async\" class=\"wp-image-450 aligncenter\" src=\"http:\/\/andoa.org\/wp-content\/uploads\/2020\/01\/directiva-2017-700x547-300x234.gif\" alt=\"\" width=\"441\" height=\"344\" srcset=\"https:\/\/andoa.org\/wp-content\/uploads\/2020\/01\/directiva-2017-700x547-300x234.gif 300w, https:\/\/andoa.org\/wp-content\/uploads\/2020\/01\/directiva-2017-700x547-700x547.gif 700w\" sizes=\"(max-width: 441px) 100vw, 441px\" \/><\/p>\n<p>Directiva de Andoa 2017<br \/>\nDetras, de izq. a derecha: Francisco Pizcueta Broull\u00f3n, Juan Manuel L\u00f3pez Corz\u00f3n,\u00a0 Jose Manuel Del Rio Busto, Carmen Elexpuru Mu\u00f1oz y Mar\u00eda del Carmen Longueira Barreiro.<br \/>\nDelante: Manuel Garrido Outeiro, Enrique Castro Iglesias y Mat\u00edas Vel\u00e1zquez Gonz\u00e1lez<br \/>\nAusente en la fotograf\u00eda: Ram\u00f3n Pena Rodriguez<\/p>\n<p>&nbsp;<\/p>\n<p><img loading=\"lazy\" decoding=\"async\" class=\"wp-image-449 aligncenter\" src=\"http:\/\/andoa.org\/wp-content\/uploads\/2020\/01\/Directiva-2018-700x396-300x170.gif\" alt=\"\" width=\"444\" height=\"252\" srcset=\"https:\/\/andoa.org\/wp-content\/uploads\/2020\/01\/Directiva-2018-700x396-300x170.gif 300w, https:\/\/andoa.org\/wp-content\/uploads\/2020\/01\/Directiva-2018-700x396-700x396.gif 700w\" sizes=\"(max-width: 444px) 100vw, 444px\" \/><\/p>\n<p>Directiva de Andoa 2018<br \/>\nDe izq. a der.: Jose Manuel Del Rio Busto, Manuel Garrido Outeiro, Juan Manuel L\u00f3pez Corz\u00f3n, Carmen Elexpuru Mu\u00f1oz, Enrique Castro Iglesias, Mat\u00edas Vel\u00e1zquez Gonz\u00e1lez, Francisco Pizcueta Broull\u00f3n, Mar\u00eda del Carmen Longueira Barreiro y Manuel G\u00f3mez Castro<\/p>\n<p><img loading=\"lazy\" decoding=\"async\" class=\"wp-image-448 aligncenter\" src=\"http:\/\/andoa.org\/wp-content\/uploads\/2020\/01\/directiva-2019-700x390-300x167.jpg\" alt=\"\" width=\"448\" height=\"249\" srcset=\"https:\/\/andoa.org\/wp-content\/uploads\/2020\/01\/directiva-2019-700x390-300x167.jpg 300w, https:\/\/andoa.org\/wp-content\/uploads\/2020\/01\/directiva-2019-700x390.jpg 700w\" sizes=\"(max-width: 448px) 100vw, 448px\" \/><\/p>\n<p>Directiva de Andoa 2019<br \/>\nDe izq. a der.: Manuel G\u00f3mez Castro, Jesus Fernandez Llaneza, Juan Manuel L\u00f3pez Corz\u00f3n, Enrique Castro Iglesias, Carmen Elexpuru Mu\u00f1oz, Francisco Pizcueta Broull\u00f3n, Manuel Garrido Outeiro, Mar\u00eda del Carmen Longueira Barreiro y Jose Manuel Del Rio Busto<\/p>\n<p><img loading=\"lazy\" decoding=\"async\" class=\"alignnone wp-image-541 aligncenter\" src=\"http:\/\/andoa.org\/wp-content\/uploads\/2020\/01\/directiva2020-300x220.jpg\" alt=\"\" width=\"454\" height=\"333\" srcset=\"https:\/\/andoa.org\/wp-content\/uploads\/2020\/01\/directiva2020-300x220.jpg 300w, https:\/\/andoa.org\/wp-content\/uploads\/2020\/01\/directiva2020-700x514.jpg 700w, https:\/\/andoa.org\/wp-content\/uploads\/2020\/01\/directiva2020-768x564.jpg 768w, https:\/\/andoa.org\/wp-content\/uploads\/2020\/01\/directiva2020-1536x1129.jpg 1536w, https:\/\/andoa.org\/wp-content\/uploads\/2020\/01\/directiva2020-2048x1505.jpg 2048w\" sizes=\"(max-width: 454px) 100vw, 454px\" \/><\/p>\n<p>Directiva de Andoa 2020<br \/>\nDetras, de izq. a derecha: Maria de los Angeles Alonso Guerreiro, Mar\u00eda del Carmen Longueira Barreiro, Maria del Carmen Elexpuru Mu\u00f1oz y Manuel G\u00f3mez Castro.<br \/>\nDelante: Juan Manuel L\u00f3pez Corz\u00f3n, Jesus Fernandez Llaneza, Jose Manuel Del Rio Busto, Enrique Castro Iglesias y Manuel Garrido Outeiro.<\/p>\n<p><img loading=\"lazy\" decoding=\"async\" class=\" wp-image-611 aligncenter\" src=\"http:\/\/andoa.org\/wp-content\/uploads\/2021\/11\/directiva-2021-300x245.jpg\" alt=\"\" width=\"480\" height=\"392\" srcset=\"https:\/\/andoa.org\/wp-content\/uploads\/2021\/11\/directiva-2021-300x245.jpg 300w, https:\/\/andoa.org\/wp-content\/uploads\/2021\/11\/directiva-2021-700x573.jpg 700w, https:\/\/andoa.org\/wp-content\/uploads\/2021\/11\/directiva-2021-768x628.jpg 768w, https:\/\/andoa.org\/wp-content\/uploads\/2021\/11\/directiva-2021-1536x1257.jpg 1536w, https:\/\/andoa.org\/wp-content\/uploads\/2021\/11\/directiva-2021-2048x1676.jpg 2048w\" sizes=\"(max-width: 480px) 100vw, 480px\" \/><\/p>\n<p>Directiva de Andoa 2021<br \/>\nDetras, de izq. a derecha: Juan Manuel L\u00f3pez Corz\u00f3n, Manuel G\u00f3mez Castro, Tom\u00e1s L\u00f3pez Fuentes y Javier Suarez Balsa.<br \/>\nDelante: Jos\u00e9 Manuel Del Rio Busto, Maria de los Angeles Alonso Guerreiro, Enrique Castro Iglesias, Jes\u00fas Fernandez Llaneza y Maria Jesus Reigosa Carballido.<\/p>\n<p>&nbsp;<\/p>\n<p>&nbsp;<\/p>\n","protected":false},"excerpt":{"rendered":"<p>La asociaci\u00f3n micol\u00f3gica Andoa cuenta hasta la fecha con 150 socios. Fue fundada el 29 de noviembre de 1996, como consecuencia de la inquietud por &hellip; <\/p>\n","protected":false},"author":2,"featured_media":397,"parent":0,"menu_order":1,"comment_status":"closed","ping_status":"closed","template":"","meta":{"footnotes":""},"class_list":["post-8","page","type-page","status-publish","has-post-thumbnail","hentry"],"_links":{"self":[{"href":"https:\/\/andoa.org\/index.php?rest_route=\/wp\/v2\/pages\/8"}],"collection":[{"href":"https:\/\/andoa.org\/index.php?rest_route=\/wp\/v2\/pages"}],"about":[{"href":"https:\/\/andoa.org\/index.php?rest_route=\/wp\/v2\/types\/page"}],"author":[{"embeddable":true,"href":"https:\/\/andoa.org\/index.php?rest_route=\/wp\/v2\/users\/2"}],"replies":[{"embeddable":true,"href":"https:\/\/andoa.org\/index.php?rest_route=%2Fwp%2Fv2%2Fcomments&post=8"}],"version-history":[{"count":11,"href":"https:\/\/andoa.org\/index.php?rest_route=\/wp\/v2\/pages\/8\/revisions"}],"predecessor-version":[{"id":616,"href":"https:\/\/andoa.org\/index.php?rest_route=\/wp\/v2\/pages\/8\/revisions\/616"}],"wp:featuredmedia":[{"embeddable":true,"href":"https:\/\/andoa.org\/index.php?rest_route=\/wp\/v2\/media\/397"}],"wp:attachment":[{"href":"https:\/\/andoa.org\/index.php?rest_route=%2Fwp%2Fv2%2Fmedia&parent=8"}],"curies":[{"name":"wp","href":"https:\/\/api.w.org\/{rel}","templated":true}]}}