{"id":12,"date":"2016-03-21T19:06:35","date_gmt":"2016-03-21T19:06:35","guid":{"rendered":"http:\/\/andoadecambre.com\/?page_id=12"},"modified":"2024-09-16T07:58:31","modified_gmt":"2024-09-16T06:58:31","slug":"contacto","status":"publish","type":"page","link":"https:\/\/andoa.org\/?page_id=12","title":{"rendered":"CONTACTO"},"content":{"rendered":"<h5>ASOCIACI\u00d3N MICOL\u00d3XICA ANDOA<br \/>\nLOCAL SOCIOCULTURAL<br \/>\nCALLE R\u00cdO BARC\u00c9S, N\u00daMERO 6, BAJO (ENTRADA POR PLAZA DE CASARES QUIROGA)<br \/>\nA BARCALA &#8211; CAMBRE\u00a0 15660 &#8211; A CORU\u00d1A<\/h5>\n<h5 style=\"text-align: center;\"><iframe loading=\"lazy\" style=\"border: 0;\" src=\"https:\/\/www.google.com\/maps\/embed?pb=!1m18!1m12!1m3!1d1726.3974431064773!2d-8.356271652371285!3d43.304988309976636!2m3!1f0!2f0!3f0!3m2!1i1024!2i768!4f13.1!3m3!1m2!1s0x0%3A0x3608351779653db8!2sAndoa%20de%20Cambre!5e0!3m2!1ses!2ses!4v1570725221099!5m2!1ses!2ses\" width=\"600\" height=\"450\" frameborder=\"0\" allowfullscreen=\"allowfullscreen\"><\/iframe><\/h5>\n<p><img loading=\"lazy\" decoding=\"async\" class=\"wp-image-469 aligncenter\" src=\"http:\/\/andoa.org\/wp-content\/uploads\/2020\/01\/Local-Andoa-300x185.jpg\" alt=\"\" width=\"634\" height=\"391\" srcset=\"https:\/\/andoa.org\/wp-content\/uploads\/2020\/01\/Local-Andoa-300x185.jpg 300w, https:\/\/andoa.org\/wp-content\/uploads\/2020\/01\/Local-Andoa-768x473.jpg 768w, https:\/\/andoa.org\/wp-content\/uploads\/2020\/01\/Local-Andoa-700x431.jpg 700w, https:\/\/andoa.org\/wp-content\/uploads\/2020\/01\/Local-Andoa.jpg 1220w\" sizes=\"(max-width: 634px) 100vw, 634px\" \/><\/p>\n<p>(El rect\u00e1ngulo rojo indica la entrada, por la plaza de Casares Quiroga)<\/p>\n<h5 class=\"consangria\">Formar parte de nuestra Asociaci\u00f3n es muy sencillo. Si est\u00e1s interesado, env\u00edanos un mensaje al correo de Andoa y te informaremos:<\/h5>\n<h2 class=\"consangria\" style=\"text-align: center;\"><a href=\"mailto:info@andoa.org\"><span style=\"color: #3366ff;\">info@andoa.org<\/span><\/a><\/h2>\n<h5 class=\"consangria\">\u00bfQuieres seguirnos en Facebook?: <a href=\"http:\/\/www.facebook.com\/pages\/Asociaci%C3%B3n-Micol%C3%B3xica-Andoa-de-Cambre\/197395270281239\" target=\"_blank\" rel=\"noopener noreferrer\">Andoa en Facebook<\/a><\/h5>\n","protected":false},"excerpt":{"rendered":"<p>ASOCIACI\u00d3N MICOL\u00d3XICA ANDOA LOCAL SOCIOCULTURAL CALLE R\u00cdO BARC\u00c9S, N\u00daMERO 6, BAJO (ENTRADA POR PLAZA DE CASARES QUIROGA) A BARCALA &#8211; CAMBRE\u00a0 15660 &#8211; A CORU\u00d1A &hellip; <\/p>\n","protected":false},"author":2,"featured_media":0,"parent":0,"menu_order":3,"comment_status":"closed","ping_status":"closed","template":"","meta":{"footnotes":""},"class_list":["post-12","page","type-page","status-publish","hentry"],"_links":{"self":[{"href":"https:\/\/andoa.org\/index.php?rest_route=\/wp\/v2\/pages\/12"}],"collection":[{"href":"https:\/\/andoa.org\/index.php?rest_route=\/wp\/v2\/pages"}],"about":[{"href":"https:\/\/andoa.org\/index.php?rest_route=\/wp\/v2\/types\/page"}],"author":[{"embeddable":true,"href":"https:\/\/andoa.org\/index.php?rest_route=\/wp\/v2\/users\/2"}],"replies":[{"embeddable":true,"href":"https:\/\/andoa.org\/index.php?rest_route=%2Fwp%2Fv2%2Fcomments&post=12"}],"version-history":[{"count":16,"href":"https:\/\/andoa.org\/index.php?rest_route=\/wp\/v2\/pages\/12\/revisions"}],"predecessor-version":[{"id":476,"href":"https:\/\/andoa.org\/index.php?rest_route=\/wp\/v2\/pages\/12\/revisions\/476"}],"wp:attachment":[{"href":"https:\/\/andoa.org\/index.php?rest_route=%2Fwp%2Fv2%2Fmedia&parent=12"}],"curies":[{"name":"wp","href":"https:\/\/api.w.org\/{rel}","templated":true}]}}