{"id":255,"date":"2018-02-07T16:52:55","date_gmt":"2018-02-07T15:52:55","guid":{"rendered":"http:\/\/andoadecambre.com\/?page_id=255"},"modified":"2021-08-24T13:52:29","modified_gmt":"2021-08-24T12:52:29","slug":"videos","status":"publish","type":"page","link":"http:\/\/andoa.org\/?page_id=255","title":{"rendered":"Videos"},"content":{"rendered":"<p>Libros, aplicaciones para m\u00f3viles, videos de nuestros expertos y enlaces a otras p\u00e1ginas web, para saber m\u00e1s del mundo de las setas.<\/p>\n<hr \/>\n<p><a href=\"http:\/\/andoa.org\/?page_id=198\">LIBROS<\/a> \u00a0\u00a0 \u00a0 \u00a0 \u00a0\u00a0 <a href=\"http:\/\/andoa.org\/?page_id=240\">APLICACIONES PARA MOVILES<\/a>\u00a0\u00a0\u00a0\u00a0\u00a0\u00a0\u00a0\u00a0\u00a0\u00a0\u00a0\u00a0\u00a0\u00a0 <strong>VIDEOS<\/strong> \u00a0\u00a0\u00a0\u00a0\u00a0\u00a0\u00a0\u00a0\u00a0\u00a0 <a href=\"http:\/\/andoa.org\/?page_id=249\">ENLACES WEB<\/a><\/p>\n<hr \/>\n<ol>\n<li><a href=\"#identificaciones\"><span style=\"color: #ff6600;\"><span style=\"color: #99cc00;\"><strong><span style=\"color: #000000;\">Video identificaciones<\/span> <\/strong><\/span><\/span><\/a><\/li>\n<li><a href=\"#divulgativos\"><span style=\"color: #000000;\"><strong>Videos divulgativos<\/strong><\/span><\/a><\/li>\n<\/ol>\n<hr \/>\n<p><strong>\u00a0 <a id=\"identificaciones\"><\/a>1. Video Identificaciones<\/strong><\/p>\n<p>Estos videos, grabados durante las salidas que realizamos, son posibles gracias a la desinteresada colaboraci\u00f3n de nuestros expertos. Les agradecemos su autorizaci\u00f3n para que puedan ser compartidos con vosotros. <span style=\"color: #ff6600;\"> (En naranja, los nuevos videos)<\/span><\/p>\n<ul>\n<li><a href=\"https:\/\/youtu.be\/Z3xzrwLuKsA\" target=\"_blank\" rel=\"noopener noreferrer\">La molinera<\/a> (Clitopilus prunulus), y como identificarla. Por Jos\u00e9 Manuel del Rio.<\/li>\n<li><a href=\"https:\/\/youtu.be\/BmgqpxAMNz8\" target=\"_blank\" rel=\"noopener noreferrer\">Lengua de vaca<\/a> (Hydnun repandum), por Jos\u00e9 Manuel del Rio.<\/li>\n<li><a href=\"https:\/\/youtu.be\/6Il0rMD9mi4\" target=\"_blank\" rel=\"noopener noreferrer\">\u00bfEs importante el color de una seta<\/a>? por Jos\u00e9 Manuel Castro Marcote.<\/li>\n<li><a href=\"https:\/\/youtu.be\/9hROOWgGlaI\" target=\"_blank\" rel=\"noopener noreferrer\">Lepiotas y macrolepiotas<\/a>, y su identificaci\u00f3n, por Jos\u00e9 Manuel Castro Marcote.<\/li>\n<li><a href=\"https:\/\/youtu.be\/kOkne5ATiZk\" target=\"_blank\" rel=\"noopener noreferrer\">Suillus luteus<\/a>, por Jos\u00e9 Manuel Castro Marcote.<\/li>\n<li><a href=\"https:\/\/youtu.be\/GSHMKJuV-18\" target=\"_blank\" rel=\"noopener noreferrer\">Los champi\u00f1ones<\/a> o Agaricus, por Jos\u00e9 Manuel Castro Marcote.<\/li>\n<li><a href=\"https:\/\/youtu.be\/_xgXgcJhyN0\" target=\"_blank\" rel=\"noopener noreferrer\">El Cantharellus<\/a> y su falso pariente, por Jos\u00e9 Manuel Castro Marcote.<\/li>\n<li><a href=\"https:\/\/youtu.be\/7aEISdAbNi8\" target=\"_blank\" rel=\"noopener noreferrer\">Boletus badius<\/a> y su identificaci\u00f3n, por Jos\u00e9 Manuel Castro Marcote.<\/li>\n<li><a href=\"https:\/\/youtu.be\/GVjP9QF0HLs\" target=\"_blank\" rel=\"noopener noreferrer\">La amanita rubescens<\/a> y la panterina, por Jos\u00e9 Manuel Castro Marcote.<\/li>\n<li><a href=\"https:\/\/youtu.be\/GrQHTKh9MBc\" target=\"_blank\" rel=\"noopener noreferrer\"><span class=\"st\">Grifola frondosa\u00a0<\/span><\/a>(Maitake) y Pleorotus ostreatus, por Jos\u00e9 Manuel del Rio.<\/li>\n<li><a href=\"https:\/\/youtu.be\/tnA5QHU_gyQ\" target=\"_blank\" rel=\"noopener noreferrer\">Ganoderma lucidum<\/a>, o seta pipa, por Jos\u00e9 Manuel del Rio.<\/li>\n<li><a href=\"https:\/\/youtu.be\/TARg2RkTK58\" target=\"_blank\" rel=\"noopener noreferrer\">Sarcodon imbricatus<\/a>, por Jos\u00e9 Manuel del Rio.<\/li>\n<li><a href=\"https:\/\/youtu.be\/h2KUUg0zf-U\" target=\"_blank\" rel=\"noopener noreferrer\">Clitopilus prunulus (molinera<\/a>) y su confusi\u00f3n con Clitocybes, por\u00a0 Jos\u00e9 Manuel del Rio.<\/li>\n<li><a href=\"https:\/\/youtu.be\/nM1b7mln6Dg\" target=\"_blank\" rel=\"noopener noreferrer\">Laccarias<\/a>, por Jos\u00e9 Manuel del Rio.<\/li>\n<li><a href=\"https:\/\/youtu.be\/iFtLfyNmOJ4\" target=\"_blank\" rel=\"noopener noreferrer\">Marasmius oreades<\/a>, o senderuela, por Jos\u00e9 Manuel del Rio.<\/li>\n<li><a href=\"https:\/\/youtu.be\/GPe5wt_HVug\" target=\"_blank\" rel=\"noopener noreferrer\">Clitocybes<\/a> y como identificarlos, por Jos\u00e9 Manuel del Rio.<\/li>\n<li><a href=\"https:\/\/youtu.be\/JhmPJbYfH44\" target=\"_blank\" rel=\"noopener noreferrer\">Polyporus tuberaster<\/a>, por Jos\u00e9 Manuel del Rio.<\/li>\n<li><a href=\"https:\/\/youtu.be\/VWmq_P8wJ2c\" target=\"_blank\" rel=\"noopener noreferrer\">Piptoporus betulinus<\/a>, o yesquero del abedul, por Jos\u00e9 Manuel del Rio.<\/li>\n<li><a href=\"https:\/\/youtu.be\/Tr7pr3wlLEU\" target=\"_blank\" rel=\"noopener noreferrer\">Fistulina hepatica<\/a>, o h\u00edgado de buey, por Jos\u00e9 Manuel del Rio.<\/li>\n<li><a href=\"https:\/\/youtu.be\/81FwiTjQlz8\" target=\"_blank\" rel=\"noopener noreferrer\">Tricholomas<\/a> y como identificarlo,\u00a0por Jos\u00e9 Manuel del Rio.<\/li>\n<li><a href=\"https:\/\/youtu.be\/WiIYh8PSnYk\" target=\"_blank\" rel=\"noopener noreferrer\">Amanitas<\/a> y como identificarla,\u00a0por Jos\u00e9 Manuel del Rio.<\/li>\n<li><a href=\"https:\/\/youtu.be\/hEv1gI21q9M\" target=\"_blank\" rel=\"noopener noreferrer\">Intoxicacion por setas<\/a>, por Lu\u00eds Cuba.<\/li>\n<li><a href=\"https:\/\/youtu.be\/7YfTt3640hM\" target=\"_blank\" rel=\"noopener noreferrer\">Tricholomopsis rutilans<\/a>, por Lu\u00eds Cuba.<\/li>\n<li><a href=\"https:\/\/youtu.be\/LMeCbBOD8jk\" target=\"_blank\" rel=\"noopener noreferrer\">Amanita rubescens<\/a>, por Lu\u00eds Cuba.<\/li>\n<li><a href=\"https:\/\/youtu.be\/zAm1F36xu7M\" target=\"_blank\" rel=\"noopener noreferrer\">Suillus luteus y Suillus bovinus,<\/a>\u00a0 por Lu\u00eds Cuba.<\/li>\n<li><a href=\"https:\/\/youtu.be\/hxZ3n0G2pHI\" target=\"_blank\" rel=\"noopener noreferrer\">Boletus erythropus<\/a>, por Lu\u00eds Cuba.<\/li>\n<li><a href=\"https:\/\/youtu.be\/Md8-AwMmflA\" target=\"_blank\" rel=\"noopener noreferrer\">Consejos para principiantes<\/a>, por Alvaro Marti\u00e1\u00f1ez.<\/li>\n<li><a href=\"https:\/\/youtu.be\/tc0W5OwnRM0\" target=\"_blank\" rel=\"noopener noreferrer\">Boletus edulis<\/a>, por Alvaro Marti\u00e1\u00f1ez.<\/li>\n<li><a href=\"https:\/\/youtu.be\/E9JBA3HnZF4\" target=\"_blank\" rel=\"noopener noreferrer\">Amanita citrina<\/a>, por Jose Manuel Castro Marcote.<\/li>\n<li><a href=\"https:\/\/youtu.be\/XArUoBg0uTY\" target=\"_blank\" rel=\"noopener noreferrer\">Amanita muscaria<\/a>, por Jose Manuel Castro Marcote.<\/li>\n<li><a href=\"https:\/\/youtu.be\/kYr8Qa8OFzY\" target=\"_blank\" rel=\"noopener noreferrer\">Coprinus comatus<\/a>, por Jose Manuel Castro Marcote.<\/li>\n<li><a href=\"https:\/\/youtu.be\/Bzkn7DYN_Kc\" target=\"_blank\" rel=\"noopener noreferrer\">Onygena equina<\/a>, por Jose Manuel Castro Marcote.<\/li>\n<li><a href=\"https:\/\/youtu.be\/6MLCbv82-Zk\" target=\"_blank\" rel=\"noopener noreferrer\">Sparassis crispa<\/a>, por Jose Manuel Castro Marcote.<\/li>\n<\/ul>\n<hr \/>\n<p><strong>\u00a0 \u00a0 <a id=\"divulgativos\"><\/a>2. V\u00eddeos divulgativos<\/strong><\/p>\n<p>V\u00eddeos did\u00e1cticos de Andoa. Realizados por nuestros expertos para nuestros socios y seguidores.<\/p>\n<ul>\n<li><a href=\"https:\/\/youtu.be\/SMnVeD1a1A0\" target=\"_blank\" rel=\"noopener\">Video divulgativo 1<\/a><\/li>\n<li><a href=\"https:\/\/youtu.be\/f9n9gRPtHIQ\" target=\"_blank\" rel=\"noopener\">V\u00eddeo divulgativo 2<\/a>\u00a0\u00a0<span style=\"color: #ff6600;\"><br \/>\n<\/span><\/li>\n<li><a href=\"https:\/\/youtu.be\/FSSlGTHMMKM\" target=\"_blank\" rel=\"noopener\">V\u00eddeo divulgativo 3<\/a><\/li>\n<li><a href=\"https:\/\/youtu.be\/tCmBprD8OL0\" target=\"_blank\" rel=\"noopener\">V\u00eddeo divulgativo 4<\/a><\/li>\n<li><a href=\"https:\/\/youtu.be\/y2rNvJaiWLw\" target=\"_blank\" rel=\"noopener\">Video divulgativo 5<\/a>\u00a0 <span style=\"color: #ff6600;\">(Nuevo)<\/span><\/li>\n<\/ul>\n<p>&nbsp;<\/p>\n<p>&nbsp;<\/p>\n","protected":false},"excerpt":{"rendered":"<p>Libros, aplicaciones para m\u00f3viles, videos de nuestros expertos y enlaces a otras p\u00e1ginas web, para saber m\u00e1s del mundo de las setas. LIBROS \u00a0\u00a0 \u00a0 &hellip; <\/p>\n","protected":false},"author":2,"featured_media":408,"parent":0,"menu_order":0,"comment_status":"closed","ping_status":"closed","template":"","meta":{"footnotes":""},"class_list":["post-255","page","type-page","status-publish","has-post-thumbnail","hentry"],"_links":{"self":[{"href":"http:\/\/andoa.org\/index.php?rest_route=\/wp\/v2\/pages\/255"}],"collection":[{"href":"http:\/\/andoa.org\/index.php?rest_route=\/wp\/v2\/pages"}],"about":[{"href":"http:\/\/andoa.org\/index.php?rest_route=\/wp\/v2\/types\/page"}],"author":[{"embeddable":true,"href":"http:\/\/andoa.org\/index.php?rest_route=\/wp\/v2\/users\/2"}],"replies":[{"embeddable":true,"href":"http:\/\/andoa.org\/index.php?rest_route=%2Fwp%2Fv2%2Fcomments&post=255"}],"version-history":[{"count":50,"href":"http:\/\/andoa.org\/index.php?rest_route=\/wp\/v2\/pages\/255\/revisions"}],"predecessor-version":[{"id":580,"href":"http:\/\/andoa.org\/index.php?rest_route=\/wp\/v2\/pages\/255\/revisions\/580"}],"wp:featuredmedia":[{"embeddable":true,"href":"http:\/\/andoa.org\/index.php?rest_route=\/wp\/v2\/media\/408"}],"wp:attachment":[{"href":"http:\/\/andoa.org\/index.php?rest_route=%2Fwp%2Fv2%2Fmedia&parent=255"}],"curies":[{"name":"wp","href":"https:\/\/api.w.org\/{rel}","templated":true}]}}