{"id":240,"date":"2018-02-07T16:46:47","date_gmt":"2018-02-07T15:46:47","guid":{"rendered":"http:\/\/andoadecambre.com\/?page_id=240"},"modified":"2021-10-21T15:04:42","modified_gmt":"2021-10-21T14:04:42","slug":"aplicaciones","status":"publish","type":"page","link":"http:\/\/andoa.org\/?page_id=240","title":{"rendered":"Aplicaciones"},"content":{"rendered":"<p>Libros, aplicaciones para m\u00f3viles, videos de nuestros expertos y enlaces a otras p\u00e1ginas web, para saber m\u00e1s del mundo de las setas. AVISO: ninguna identificaci\u00f3n realizada con una aplicaci\u00f3n es fiable al 100 %, consultar siempre con un experto humano ante cualquier duda.<\/p>\n<hr \/>\n<p><a href=\"http:\/\/andoa.org\/?page_id=198\">LIBROS\u00a0<\/a>\u00a0\u00a0\u00a0\u00a0\u00a0\u00a0\u00a0\u00a0\u00a0\u00a0\u00a0\u00a0 <strong>APLICACIONES PARA MOVILES\u00a0<\/strong>\u00a0\u00a0\u00a0\u00a0\u00a0\u00a0\u00a0\u00a0\u00a0 <a href=\"http:\/\/andoa.org\/?page_id=255\">VIDEOS<\/a>\u00a0\u00a0\u00a0 \u00a0\u00a0 \u00a0 \u00a0 <a href=\"http:\/\/andoa.org\/?page_id=249\">ENLACES WEB<\/a><\/p>\n<hr \/>\n<p><strong>Mycokey Galicia<\/strong> <em>(MycoGalicia Plantae)<\/em> <strong>\u00a0 <\/strong><img loading=\"lazy\" decoding=\"async\" class=\"alignnone wp-image-598\" src=\"http:\/\/andoa.org\/wp-content\/uploads\/2021\/10\/mycokey.png\" alt=\"\" width=\"81\" height=\"81\" srcset=\"http:\/\/andoa.org\/wp-content\/uploads\/2021\/10\/mycokey.png 180w, http:\/\/andoa.org\/wp-content\/uploads\/2021\/10\/mycokey-150x150.png 150w\" sizes=\"(max-width: 81px) 100vw, 81px\" \/><\/p>\n<p>Emplea una clave dicot\u00f3mica para identificar m\u00e1s de 400 especies de setas del Noroeste Peninsular. Mediante claves con 2 opciones podemos llegar a identificar una seta paso a paso<\/p>\n<p>La aplicaci\u00f3n tambi\u00e9n inclue acceso directo la fichas de identificaci\u00f3n en las que se describen las especies de setas. Cada ficha incluye el nombre cientifico de la seta, varios de sus nombres comunes, una descripci\u00f3n morfol\u00f3gica y ecol\u00f3gica de los ejemplares y en la mayor\u00eda de los casos una fotograf\u00eda del ejemplar<\/p>\n<p><a href=\"https:\/\/play.google.com\/store\/apps\/details?id=com.micokeyapp\" target=\"_blank\" rel=\"noopener\"><img loading=\"lazy\" decoding=\"async\" class=\"alignnone wp-image-218\" src=\"http:\/\/andoa.org\/wp-content\/uploads\/2018\/01\/google-play-300x94.png\" alt=\"\" width=\"239\" height=\"75\" \/><\/a><\/p>\n<p>&nbsp;<\/p>\n<p><strong>Setas 2 \u00a0 <\/strong><em>(Nature Mobile GmbH<\/em>) \u00a0<strong>\u00a0 <img loading=\"lazy\" decoding=\"async\" class=\"alignnone wp-image-217 \" src=\"http:\/\/andoa.org\/wp-content\/uploads\/2018\/01\/Setas-2.png\" alt=\"\" width=\"86\" height=\"86\" \/><br \/>\n<\/strong><\/p>\n<p>Con 300 especies y 2000 im\u00e1genes (en su versi\u00f3n de pago) es una de las mejores aplicaciones para la identificaci\u00f3n de setas seg\u00fan sus caracter\u00edsticas:<\/p>\n<p>&#8211; ASPECTO Y OLOR (tama\u00f1o, color, sombrero, laminas, pie, etc.)<br \/>\n&#8211; COMESTIBILIDAD Y SABOR (t\u00f3xico, comestible, alerg\u00e9nico, etc.)<br \/>\n&#8211; TIPO CUERPO FRUCT\u00cdFERO (Hongos gasteroidos, polyporosos, trufas, etc.)<br \/>\n&#8211; DISTRIBUCI\u00d3N (crece sobre madera, en el suelo, en el bosque, etc.)<br \/>\n&#8211; FAMILIA (Agaricaceae, Boletaceae, Clathraceae, etc.)<br \/>\n&#8211; EFECTOS M\u00c9DICOS y TOXICOS (antibi\u00f3tico, psilocibina, muscarina, etc.)<\/p>\n<p>Incluye asesoramiento online y un juego de reconocimiento de setas. Hay una versi\u00f3n gratuita de prueba, con s\u00f3lo 15 especies. No necesita conexi\u00f3n permanente de datos.<\/p>\n<p><img loading=\"lazy\" decoding=\"async\" class=\"alignnone wp-image-218 \" src=\"http:\/\/andoa.org\/wp-content\/uploads\/2018\/01\/google-play-300x94.png\" alt=\"\" width=\"223\" height=\"70\" \/><\/p>\n<p><strong>Identificador de Setas-identificaci\u00f3n autom\u00e1tica<\/strong> <em>(Knitting Mushroom) \u00a0 \u00a0 <img loading=\"lazy\" decoding=\"async\" class=\"alignnone wp-image-222 \" src=\"http:\/\/andoa.org\/wp-content\/uploads\/2018\/01\/identificador.png\" alt=\"\" width=\"85\" height=\"85\" srcset=\"http:\/\/andoa.org\/wp-content\/uploads\/2018\/01\/identificador.png 300w, http:\/\/andoa.org\/wp-content\/uploads\/2018\/01\/identificador-150x150.png 150w\" sizes=\"(max-width: 85px) 100vw, 85px\" \/><br \/>\n<\/em><\/p>\n<p>Lo que hace diferente a esta aplicaci\u00f3n es que identifica setas por fotograf\u00edas, bien hechas con la c\u00e1mara de nuestro m\u00f3vil o fotos que tengamos almacenadas. Por supuesto, al ser una aplicaci\u00f3n en desarrollo, el \u00edndice de aciertos es relativo con s\u00f3lo una foto, pero la aplicaci\u00f3n permite usar m\u00e1s de una y otras caracter\u00edsticas f\u00edsicas para ayudar en la identificaci\u00f3n. Necesita conexi\u00f3n permanente de datos y est\u00e1 en ingl\u00e9s. Pero merece la pena probarla, al ser totalmente gratuita.<\/p>\n<p><img loading=\"lazy\" decoding=\"async\" class=\"alignnone wp-image-218 \" src=\"http:\/\/andoa.org\/wp-content\/uploads\/2018\/01\/google-play-300x94.png\" alt=\"\" width=\"230\" height=\"72\" \/><\/p>\n<p><strong>Setas Setamania<\/strong><em> (Tom\u00e1s Hermoso de Jes\u00fas)\u00a0\u00a0\u00a0 <img loading=\"lazy\" decoding=\"async\" class=\"alignnone wp-image-226 \" src=\"http:\/\/andoa.org\/wp-content\/uploads\/2018\/01\/setamania.jpg\" alt=\"\" width=\"107\" height=\"107\" srcset=\"http:\/\/andoa.org\/wp-content\/uploads\/2018\/01\/setamania.jpg 300w, http:\/\/andoa.org\/wp-content\/uploads\/2018\/01\/setamania-150x150.jpg 150w\" sizes=\"(max-width: 107px) 100vw, 107px\" \/><\/em><\/p>\n<p>Setas Setamania es una gu\u00eda completa e interactiva en la que encontrar\u00e1s las Setas y Hongos m\u00e1s comunes y caracter\u00edsticos de la Pen\u00ednsula Ib\u00e9rica junto a su descripci\u00f3n y fotograf\u00edas desde varios \u00e1ngulos para poder reconocerlas. Incluye m\u00e1s de 100 especies distintas y m\u00e1s de 800 fotografias de alta calidad.<\/p>\n<p><img loading=\"lazy\" decoding=\"async\" class=\"alignnone wp-image-597 \" src=\"http:\/\/andoa.org\/wp-content\/uploads\/2021\/10\/descargar_es.png\" alt=\"\" width=\"251\" height=\"75\" \/><\/p>\n<p><strong>Fungipedia \u00a0\u00a0<\/strong><em> (Asociaci\u00f3n Micol\u00f3gica Fungipedia)\u00a0\u00a0\u00a0\u00a0 <img loading=\"lazy\" decoding=\"async\" class=\"alignnone wp-image-227 \" src=\"http:\/\/andoa.org\/wp-content\/uploads\/2018\/01\/fungipedia.png\" alt=\"\" width=\"86\" height=\"86\" srcset=\"http:\/\/andoa.org\/wp-content\/uploads\/2018\/01\/fungipedia.png 300w, http:\/\/andoa.org\/wp-content\/uploads\/2018\/01\/fungipedia-150x150.png 150w\" sizes=\"(max-width: 86px) 100vw, 86px\" \/><br \/>\n<\/em><\/p>\n<p>Incluye 500 ESPECIES y m\u00e1s de 2000 FOTOGRAF\u00cdAS. Esta app de setas permite crear en tu tel\u00e9fono tu propia base de datos PRIVADA con setales GEORREFERENCIADOS ya que la aplicaci\u00f3n te permitir\u00e1 guardar, mediante el GPS de tu m\u00f3vil, la ubicaci\u00f3n de los setales que sean de tu inter\u00e9s.<\/p>\n<p><img loading=\"lazy\" decoding=\"async\" class=\"alignnone wp-image-218 \" src=\"http:\/\/andoa.org\/wp-content\/uploads\/2018\/01\/google-play-300x94.png\" alt=\"\" width=\"221\" height=\"69\" \/><\/p>\n<p><strong>Boletus<\/strong> \u00a0<em> (Equinox.one)\u00a0\u00a0\u00a0\u00a0\u00a0\u00a0 <img loading=\"lazy\" decoding=\"async\" class=\"alignnone wp-image-228 \" src=\"http:\/\/andoa.org\/wp-content\/uploads\/2018\/01\/boletus.png\" alt=\"\" width=\"100\" height=\"100\" srcset=\"http:\/\/andoa.org\/wp-content\/uploads\/2018\/01\/boletus.png 300w, http:\/\/andoa.org\/wp-content\/uploads\/2018\/01\/boletus-150x150.png 150w\" sizes=\"(max-width: 100px) 100vw, 100px\" \/><br \/>\n<\/em><br \/>\nContestando a una serie de preguntas puedes determinar delante de que tipo est\u00e1s:\u00a0 \u00bfQu\u00e9 forma tiene el himenio? \u00bfY el sombrero? \u00bfqu\u00e9 color tienen el sombrero y el pi\u00e9? \u00bfQu\u00e9 aspecto tiene el velo? \u00bfY la l\u00e1mina?. Respondiendo a estas preguntas a trav\u00e9s de men\u00fas gr\u00e1ficos, Boletus nos indica cu\u00e1les son las setas m\u00e1s probables que coinciden con esa descripci\u00f3n. Tiene una versi\u00f3n gratuita, una demo,\u00a0 y de otra de pago. Y funciona sin conexi\u00f3n a internet. Muy recomendable.<\/p>\n<p><img loading=\"lazy\" decoding=\"async\" class=\"alignnone wp-image-218 \" src=\"http:\/\/andoa.org\/wp-content\/uploads\/2018\/01\/google-play-300x94.png\" alt=\"\" width=\"230\" height=\"72\" \/><\/p>\n","protected":false},"excerpt":{"rendered":"<p>Libros, aplicaciones para m\u00f3viles, videos de nuestros expertos y enlaces a otras p\u00e1ginas web, para saber m\u00e1s del mundo de las setas. AVISO: ninguna identificaci\u00f3n &hellip; <\/p>\n","protected":false},"author":2,"featured_media":408,"parent":0,"menu_order":0,"comment_status":"closed","ping_status":"closed","template":"","meta":{"footnotes":""},"class_list":["post-240","page","type-page","status-publish","has-post-thumbnail","hentry"],"_links":{"self":[{"href":"http:\/\/andoa.org\/index.php?rest_route=\/wp\/v2\/pages\/240"}],"collection":[{"href":"http:\/\/andoa.org\/index.php?rest_route=\/wp\/v2\/pages"}],"about":[{"href":"http:\/\/andoa.org\/index.php?rest_route=\/wp\/v2\/types\/page"}],"author":[{"embeddable":true,"href":"http:\/\/andoa.org\/index.php?rest_route=\/wp\/v2\/users\/2"}],"replies":[{"embeddable":true,"href":"http:\/\/andoa.org\/index.php?rest_route=%2Fwp%2Fv2%2Fcomments&post=240"}],"version-history":[{"count":18,"href":"http:\/\/andoa.org\/index.php?rest_route=\/wp\/v2\/pages\/240\/revisions"}],"predecessor-version":[{"id":602,"href":"http:\/\/andoa.org\/index.php?rest_route=\/wp\/v2\/pages\/240\/revisions\/602"}],"wp:featuredmedia":[{"embeddable":true,"href":"http:\/\/andoa.org\/index.php?rest_route=\/wp\/v2\/media\/408"}],"wp:attachment":[{"href":"http:\/\/andoa.org\/index.php?rest_route=%2Fwp%2Fv2%2Fmedia&parent=240"}],"curies":[{"name":"wp","href":"https:\/\/api.w.org\/{rel}","templated":true}]}}