{"id":198,"date":"2018-01-23T18:23:43","date_gmt":"2018-01-23T17:23:43","guid":{"rendered":"http:\/\/andoadecambre.com\/?page_id=198"},"modified":"2024-10-29T18:32:14","modified_gmt":"2024-10-29T17:32:14","slug":"recursos","status":"publish","type":"page","link":"http:\/\/andoa.org\/?page_id=198","title":{"rendered":"Libros"},"content":{"rendered":"<p><strong>LIBROS <\/strong>\u00a0\u00a0\u00a0\u00a0\u00a0\u00a0\u00a0\u00a0\u00a0\u00a0\u00a0\u00a0 <a href=\"http:\/\/andoa.org\/?page_id=240\">APLICACIONES PARA MOVILES\u00a0<\/a>\u00a0\u00a0\u00a0\u00a0\u00a0\u00a0\u00a0\u00a0\u00a0 <a href=\"http:\/\/andoa.org\/?page_id=255\">VIDEOS\u00a0<\/a>\u00a0\u00a0 \u00a0\u00a0 \u00a0\u00a0\u00a0 <a href=\"http:\/\/andoa.org\/?page_id=249\">ENLACES WEB<\/a><\/p>\n<hr \/>\n<p><strong><img loading=\"lazy\" decoding=\"async\" class=\"wp-image-206 alignleft\" src=\"http:\/\/andoa.org\/wp-content\/uploads\/2018\/01\/setas-galicia-206x300.jpg\" alt=\"\" width=\"175\" height=\"255\" srcset=\"http:\/\/andoa.org\/wp-content\/uploads\/2018\/01\/setas-galicia-206x300.jpg 206w, http:\/\/andoa.org\/wp-content\/uploads\/2018\/01\/setas-galicia-768x1116.jpg 768w, http:\/\/andoa.org\/wp-content\/uploads\/2018\/01\/setas-galicia-700x1018.jpg 700w, http:\/\/andoa.org\/wp-content\/uploads\/2018\/01\/setas-galicia-800x1163.jpg 800w, http:\/\/andoa.org\/wp-content\/uploads\/2018\/01\/setas-galicia.jpg 1444w\" sizes=\"(max-width: 175px) 100vw, 175px\" \/><\/strong><\/p>\n<p><strong>\u00a0\u00a0\u00a0 -Setas de Galicia y del Noroeste Peninsular<\/strong>, <em>de Jos\u00e9 Manuel Castro Marcote, Manuel Pose Carracedo, Jos\u00e9 Mar\u00eda Traba Velay, Francisco Viillegas Belmonte, C\u00e1ndido Meixide Figueiras.<\/em><\/p>\n<p>Gu\u00eda eminentemente pr\u00e1ctica con informaci\u00f3n sobre 500 setas del Noroeste peninsular. Recoge las setas m\u00e1s frecuentes de Galicia. Con buenas fotograf\u00edas, es ideal para gente que comienza a interesarse por las setas. Los autores, gallegos, tambi\u00e9n han publicado la versi\u00f3n en este idioma del libro.<\/p>\n<p>&nbsp;<\/p>\n<p>&nbsp;<\/p>\n<p><strong><img loading=\"lazy\" decoding=\"async\" class=\"wp-image-205 alignleft\" src=\"http:\/\/andoa.org\/wp-content\/uploads\/2018\/01\/500-setas-213x300.jpg\" alt=\"\" width=\"174\" height=\"246\" srcset=\"http:\/\/andoa.org\/wp-content\/uploads\/2018\/01\/500-setas-213x300.jpg 213w, http:\/\/andoa.org\/wp-content\/uploads\/2018\/01\/500-setas.jpg 355w\" sizes=\"(max-width: 174px) 100vw, 174px\" \/>-500 Setas del Litoral Atl\u00e1ntico y Noroeste Peninsular<\/strong>, <em>de Jos\u00e9 Manuel Castro Marcote, Manuel Pose Carracedo, Jos\u00e9 Mar\u00eda Traba Velay, Francisco Viillegas Belmonte, C\u00e1ndido Meixide Figueiras, Jos\u00e9 Mar\u00eda Costa Lago<\/em><\/p>\n<p>Ampliaci\u00f3n del anterior libro de los mismos autores, con 500 nuevas setas, tambi\u00e9n del Noroeste peninsular. Esta edici\u00f3n est\u00e1 m\u00e1s enfocada a los expertos. Tambi\u00e9n hay publicada una edici\u00f3n en gallego.<\/p>\n<p>&nbsp;<\/p>\n<p>&nbsp;<\/p>\n<p><img loading=\"lazy\" decoding=\"async\" class=\"wp-image-204 alignleft\" src=\"http:\/\/andoa.org\/wp-content\/uploads\/2018\/01\/guia-de-campo-de-los-hongos-de-europa-218x300.jpg\" alt=\"\" width=\"169\" height=\"232\" srcset=\"http:\/\/andoa.org\/wp-content\/uploads\/2018\/01\/guia-de-campo-de-los-hongos-de-europa-218x300.jpg 218w, http:\/\/andoa.org\/wp-content\/uploads\/2018\/01\/guia-de-campo-de-los-hongos-de-europa.jpg 400w\" sizes=\"(max-width: 169px) 100vw, 169px\" \/>&#8211;<strong>Gu\u00eda de Campo de los Hongos de Espa\u00f1a y de Europa<\/strong>, <em>de Marcel Bon<\/em><\/p>\n<p>Para gente ya iniciada, es una gu\u00eda imprescindible para la identificaci\u00f3n de setas, pues recoge unas 1500 especies y est\u00e1 enfocado a la consulta por claves dicot\u00f3micas. Con claves de identificaci\u00f3n sencillas y eficaces, emplea l\u00e1minas a color, en lugar de fotograf\u00edas, para la descripci\u00f3n de las setas.<\/p>\n<p>&nbsp;<\/p>\n<p>&nbsp;<\/p>\n<p><img loading=\"lazy\" decoding=\"async\" class=\"wp-image-213 alignleft\" src=\"http:\/\/andoa.org\/wp-content\/uploads\/2018\/01\/guia-micoloxica-1.jpg\" alt=\"\" width=\"135\" height=\"197\" \/>&#8211;<strong>Gu\u00eda micol\u00f3xica dos ecosistemas galegos,<\/strong> <em>de Marisa Castro, Alfredo Justo, Puri Lorenzo y Ana Soli\u00f1o.<\/em><\/p>\n<p>Recoge 556 especies. Utiliza dibujos en lugar de fotograf\u00edas para la descripci\u00f3n de las setas. La distribuci\u00f3n de las especies a lo largo de la obra se hace por ecosistemas. Dirigida tanto a profesionales como a personas aficionadas a la micolog\u00eda.<\/p>\n<p>&nbsp;<\/p>\n<p><strong><img loading=\"lazy\" decoding=\"async\" class=\" wp-image-202 alignleft\" src=\"http:\/\/andoa.org\/wp-content\/uploads\/2018\/01\/guia-hongos-peninsula.jpg\" alt=\"\" width=\"127\" height=\"213\" \/>-Gu\u00eda de campo de los hongos de la Pen\u00ednsula Ib\u00e9rica<\/strong>, <em>de Basilio Llamas Frade y Arsenio Terr\u00f3n Alfonso<\/em><\/p>\n<p>Muy buena introducci\u00f3n cient\u00edfica con clasificaci\u00f3n dicot\u00f3mica, tablas para identificar especies comestibles de las venenosas que m\u00e1s se le parecen, etc. Cada hongo posee una descripci\u00f3n y una fotograf\u00eda que ilustra su h\u00e1bitat. Recoge cerca de 1200 especies de setas de la Pen\u00ednsula Ib\u00e9rica.<\/p>\n","protected":false},"excerpt":{"rendered":"<p>LIBROS \u00a0\u00a0\u00a0\u00a0\u00a0\u00a0\u00a0\u00a0\u00a0\u00a0\u00a0\u00a0 APLICACIONES PARA MOVILES\u00a0\u00a0\u00a0\u00a0\u00a0\u00a0\u00a0\u00a0\u00a0\u00a0 VIDEOS\u00a0\u00a0\u00a0 \u00a0\u00a0 \u00a0\u00a0\u00a0 ENLACES WEB \u00a0\u00a0\u00a0 -Setas de Galicia y del Noroeste Peninsular, de Jos\u00e9 Manuel Castro Marcote, Manuel Pose &hellip; <\/p>\n","protected":false},"author":2,"featured_media":0,"parent":0,"menu_order":0,"comment_status":"closed","ping_status":"closed","template":"","meta":{"footnotes":""},"class_list":["post-198","page","type-page","status-publish","hentry"],"_links":{"self":[{"href":"http:\/\/andoa.org\/index.php?rest_route=\/wp\/v2\/pages\/198"}],"collection":[{"href":"http:\/\/andoa.org\/index.php?rest_route=\/wp\/v2\/pages"}],"about":[{"href":"http:\/\/andoa.org\/index.php?rest_route=\/wp\/v2\/types\/page"}],"author":[{"embeddable":true,"href":"http:\/\/andoa.org\/index.php?rest_route=\/wp\/v2\/users\/2"}],"replies":[{"embeddable":true,"href":"http:\/\/andoa.org\/index.php?rest_route=%2Fwp%2Fv2%2Fcomments&post=198"}],"version-history":[{"count":38,"href":"http:\/\/andoa.org\/index.php?rest_route=\/wp\/v2\/pages\/198\/revisions"}],"predecessor-version":[{"id":839,"href":"http:\/\/andoa.org\/index.php?rest_route=\/wp\/v2\/pages\/198\/revisions\/839"}],"wp:attachment":[{"href":"http:\/\/andoa.org\/index.php?rest_route=%2Fwp%2Fv2%2Fmedia&parent=198"}],"curies":[{"name":"wp","href":"https:\/\/api.w.org\/{rel}","templated":true}]}}